{"id":4101,"date":"2022-10-18T09:15:57","date_gmt":"2022-10-18T09:15:57","guid":{"rendered":"https:\/\/iko-kompania.com.pl\/wedliny-z-kurczaka-kielbasy-cienkie-i-parowki\/"},"modified":"2023-04-04T09:01:17","modified_gmt":"2023-04-04T09:01:17","slug":"chicken-meats-thin-sausages-and-wieners","status":"publish","type":"page","link":"https:\/\/iko-kompania.com.pl\/en\/chicken-meats-thin-sausages-and-wieners\/","title":{"rendered":"Chicken meats &#8211; thin sausages and wieners"},"content":{"rendered":"<section class=\"wpb-content-wrapper\"><p>[vc_row css=&#8221;.vc_custom_1666084009629{padding-top: 20px !important;padding-bottom: 50px !important;}&#8221;][vc_column][vc_column_text el_class=&#8221;prodmaintyt&#8221;]<\/p>\n<h2>Chicken meats<br \/>\nthin sausages and wieners<\/h2>\n<p>[\/vc_column_text][\/vc_column][\/vc_row][vc_row equal_height=&#8221;yes&#8221;][vc_column width=&#8221;1\/3&#8243; css=&#8221;.vc_custom_1623401218183{padding-bottom: 80px !important;}&#8221; offset=&#8221;vc_col-lg-4 vc_col-md-4 vc_col-xs-12&#8243;]<style type=\"text\/css\" data-type=\"the7_shortcodes-inline-css\">.shortcode-single-image-wrap.shortcode-single-image-4e6768dfcfcf33ad9a62692d25beb413.enable-bg-rollover .rollover i,\n.shortcode-single-image-wrap.shortcode-single-image-4e6768dfcfcf33ad9a62692d25beb413.enable-bg-rollover .rollover-video i {\n  background: -webkit-linear-gradient();\n  background: linear-gradient();\n}\n.shortcode-single-image-wrap.shortcode-single-image-4e6768dfcfcf33ad9a62692d25beb413 .rollover-icon {\n  font-size: 32px;\n  color: #ffffff;\n  min-width: 44px;\n  min-height: 44px;\n  line-height: 44px;\n  border-radius: 100px;\n  border-style: solid;\n  border-width: 0px;\n}\n.dt-icon-bg-on.shortcode-single-image-wrap.shortcode-single-image-4e6768dfcfcf33ad9a62692d25beb413 .rollover-icon {\n  background: rgba(255,255,255,0.3);\n  box-shadow: none;\n}\n<\/style><div class=\"shortcode-single-image-wrap shortcode-single-image-4e6768dfcfcf33ad9a62692d25beb413 alignnone fadeIn animate-element  vc_custom_1672924905183 disable-bg-rollover dt-icon-bg-off\" ><div class=\"shortcode-single-image prod\"><div class=\"fancy-media-wrap\" style=\"\"><a class=\"layzr-bg rollover rollover-zoom dt-pswp-item pswp-image\" href=\"https:\/\/iko-kompania.com.pl\/wp-content\/uploads\/2023\/01\/IMG_7214_edited.jpg\" title=\"\" data-dt-img-description=\"\" data-large_image_width=\"2022\" data-large_image_height = \"1468\"  style=\"\"><img loading=\"lazy\" decoding=\"async\" class=\"preload-me lazy-load\" src=\"data:image\/svg+xml,%3Csvg%20xmlns%3D&#39;http%3A%2F%2Fwww.w3.org%2F2000%2Fsvg&#39;%20viewBox%3D&#39;0%200%202022%201468&#39;%2F%3E\" data-src=\"https:\/\/iko-kompania.com.pl\/wp-content\/uploads\/2023\/01\/IMG_7214_edited.jpg\" data-srcset=\"https:\/\/iko-kompania.com.pl\/wp-content\/uploads\/2023\/01\/IMG_7214_edited.jpg 2022w\" width=\"2022\" height=\"1468\"  data-dt-location=\"https:\/\/iko-kompania.com.pl\/en\/img_7214_edited\/\" alt=\"IMG_7214_edited\" \/><span class=\" rollover-icon icomoon-the7-font-the7-zoom-01\"><\/span><\/a><\/div><\/div><\/div><div id=\"ultimate-heading-275169e374ea2bed1\" class=\"uvc-heading ult-adjust-bottom-margin ultimate-heading-275169e374ea2bed1 uvc-3665 prodnazw\" data-hspacer=\"no_spacer\"  data-halign=\"center\" style=\"text-align:center\"><div class=\"uvc-heading-spacer no_spacer\" style=\"top\"><\/div><div class=\"uvc-main-heading ult-responsive\"  data-ultimate-target='.uvc-heading.ultimate-heading-275169e374ea2bed1 h3'  data-responsive-json-new='{\"font-size\":\"desktop:24px;\",\"line-height\":\"desktop:34px;\"}' ><h3 style=\"font-weight:bold;margin-bottom:10px;\">Par\u00f3wki drobiowe z filetem<\/h3><\/div><\/div>[vc_separator color=&#8221;custom&#8221; el_width=&#8221;30&#8243; accent_color=&#8221;#c00d0e&#8221; el_class=&#8221;prodsep&#8221;][vc_column_text css=&#8221;.vc_custom_1666101358417{padding-right: 30px !important;padding-left: 30px !important;}&#8221; el_class=&#8221;proddes&#8221;]<\/p>\n<p style=\"text-align: center;\">opakowanie: VAC<br \/>\nwaga: ok. 0,5kg<br \/>\ntermin przydatno\u015bci: 21 dni<\/p>\n<p>[\/vc_column_text][\/vc_column][vc_column width=&#8221;1\/3&#8243; css=&#8221;.vc_custom_1623401227571{padding-bottom: 80px !important;}&#8221; offset=&#8221;vc_col-lg-4 vc_col-md-4 vc_col-xs-12&#8243;]<style type=\"text\/css\" data-type=\"the7_shortcodes-inline-css\">.shortcode-single-image-wrap.shortcode-single-image-2895ab9badb9d3609c386cb23565263d.enable-bg-rollover .rollover i,\n.shortcode-single-image-wrap.shortcode-single-image-2895ab9badb9d3609c386cb23565263d.enable-bg-rollover .rollover-video i {\n  background: -webkit-linear-gradient();\n  background: linear-gradient();\n}\n.shortcode-single-image-wrap.shortcode-single-image-2895ab9badb9d3609c386cb23565263d .rollover-icon {\n  font-size: 32px;\n  color: #ffffff;\n  min-width: 44px;\n  min-height: 44px;\n  line-height: 44px;\n  border-radius: 100px;\n  border-style: solid;\n  border-width: 0px;\n}\n.dt-icon-bg-on.shortcode-single-image-wrap.shortcode-single-image-2895ab9badb9d3609c386cb23565263d .rollover-icon {\n  background: rgba(255,255,255,0.3);\n  box-shadow: none;\n}\n<\/style><div class=\"shortcode-single-image-wrap shortcode-single-image-2895ab9badb9d3609c386cb23565263d alignnone fadeIn animate-element  vc_custom_1672924919659 disable-bg-rollover dt-icon-bg-off\" ><div class=\"shortcode-single-image prod\"><div class=\"fancy-media-wrap\" style=\"\"><a class=\"layzr-bg rollover rollover-zoom dt-pswp-item pswp-image\" href=\"https:\/\/iko-kompania.com.pl\/wp-content\/uploads\/2023\/01\/Serdelki-z-drobiem-3.jpg\" title=\"\" data-dt-img-description=\"\" data-large_image_width=\"1616\" data-large_image_height = \"1213\"  style=\"\"><img loading=\"lazy\" decoding=\"async\" class=\"preload-me lazy-load\" src=\"data:image\/svg+xml,%3Csvg%20xmlns%3D&#39;http%3A%2F%2Fwww.w3.org%2F2000%2Fsvg&#39;%20viewBox%3D&#39;0%200%201616%201213&#39;%2F%3E\" data-src=\"https:\/\/iko-kompania.com.pl\/wp-content\/uploads\/2023\/01\/Serdelki-z-drobiem-3.jpg\" data-srcset=\"https:\/\/iko-kompania.com.pl\/wp-content\/uploads\/2023\/01\/Serdelki-z-drobiem-3.jpg 1616w\" width=\"1616\" height=\"1213\"  data-dt-location=\"https:\/\/iko-kompania.com.pl\/en\/serdelki-z-drobiem-3\/\" alt=\"Serdelki z drobiem 3\" \/><span class=\" rollover-icon icomoon-the7-font-the7-zoom-01\"><\/span><\/a><\/div><\/div><\/div><div id=\"ultimate-heading-825969e374ea2c7c8\" class=\"uvc-heading ult-adjust-bottom-margin ultimate-heading-825969e374ea2c7c8 uvc-4868 prodnazw\" data-hspacer=\"no_spacer\"  data-halign=\"center\" style=\"text-align:center\"><div class=\"uvc-heading-spacer no_spacer\" style=\"top\"><\/div><div class=\"uvc-main-heading ult-responsive\"  data-ultimate-target='.uvc-heading.ultimate-heading-825969e374ea2c7c8 h3'  data-responsive-json-new='{\"font-size\":\"desktop:24px;\",\"line-height\":\"desktop:34px;\"}' ><h3 style=\"font-weight:bold;margin-bottom:10px;\">Serdelki z drobiem<\/h3><\/div><\/div>[vc_column_text css=&#8221;.vc_custom_1666085149750{padding-right: 30px !important;padding-left: 30px !important;}&#8221; el_class=&#8221;proddes&#8221;]<\/p>\n<p style=\"text-align: center;\">opakowanie: VAC<br \/>\nwaga: ok. 0,5kg<br \/>\ntermin przydatno\u015bci: 21 dni<\/p>\n<p>[\/vc_column_text][vc_separator color=&#8221;custom&#8221; el_width=&#8221;30&#8243; accent_color=&#8221;#c00d0e&#8221; el_class=&#8221;prodsep&#8221;][\/vc_column][vc_column width=&#8221;1\/3&#8243;]<style type=\"text\/css\" data-type=\"the7_shortcodes-inline-css\">.shortcode-single-image-wrap.shortcode-single-image-4ad901b032bdf19b1f63ff68fa5198e1.enable-bg-rollover .rollover i,\n.shortcode-single-image-wrap.shortcode-single-image-4ad901b032bdf19b1f63ff68fa5198e1.enable-bg-rollover .rollover-video i {\n  background: -webkit-linear-gradient();\n  background: linear-gradient();\n}\n.shortcode-single-image-wrap.shortcode-single-image-4ad901b032bdf19b1f63ff68fa5198e1 .rollover-icon {\n  font-size: 32px;\n  color: #ffffff;\n  min-width: 44px;\n  min-height: 44px;\n  line-height: 44px;\n  border-radius: 100px;\n  border-style: solid;\n  border-width: 0px;\n}\n.dt-icon-bg-on.shortcode-single-image-wrap.shortcode-single-image-4ad901b032bdf19b1f63ff68fa5198e1 .rollover-icon {\n  background: rgba(255,255,255,0.3);\n  box-shadow: none;\n}\n<\/style><div class=\"shortcode-single-image-wrap shortcode-single-image-4ad901b032bdf19b1f63ff68fa5198e1 alignnone fadeIn animate-element  vc_custom_1672924952482 disable-bg-rollover dt-icon-bg-off\" ><div class=\"shortcode-single-image prod\"><div class=\"fancy-media-wrap\" style=\"\"><a class=\"layzr-bg rollover rollover-zoom dt-pswp-item pswp-image\" href=\"https:\/\/iko-kompania.com.pl\/wp-content\/uploads\/2023\/01\/IMG_7214_edited.jpg\" title=\"\" data-dt-img-description=\"\" data-large_image_width=\"2022\" data-large_image_height = \"1468\"  style=\"\"><img loading=\"lazy\" decoding=\"async\" class=\"preload-me lazy-load\" src=\"data:image\/svg+xml,%3Csvg%20xmlns%3D&#39;http%3A%2F%2Fwww.w3.org%2F2000%2Fsvg&#39;%20viewBox%3D&#39;0%200%202022%201468&#39;%2F%3E\" data-src=\"https:\/\/iko-kompania.com.pl\/wp-content\/uploads\/2023\/01\/IMG_7214_edited.jpg\" data-srcset=\"https:\/\/iko-kompania.com.pl\/wp-content\/uploads\/2023\/01\/IMG_7214_edited.jpg 2022w\" width=\"2022\" height=\"1468\"  data-dt-location=\"https:\/\/iko-kompania.com.pl\/en\/img_7214_edited\/\" alt=\"IMG_7214_edited\" \/><span class=\" rollover-icon icomoon-the7-font-the7-zoom-01\"><\/span><\/a><\/div><\/div><\/div><div id=\"ultimate-heading-438869e374ea2cb85\" class=\"uvc-heading ult-adjust-bottom-margin ultimate-heading-438869e374ea2cb85 uvc-8142 prodnazw\" data-hspacer=\"no_spacer\"  data-halign=\"center\" style=\"text-align:center\"><div class=\"uvc-heading-spacer no_spacer\" style=\"top\"><\/div><div class=\"uvc-main-heading ult-responsive\"  data-ultimate-target='.uvc-heading.ultimate-heading-438869e374ea2cb85 h3'  data-responsive-json-new='{\"font-size\":\"desktop:24px;\",\"line-height\":\"desktop:34px;\"}' ><h3 style=\"font-weight:bold;margin-bottom:10px;\">Par\u00f3weczki o smaku ma\u015blanym<\/h3><\/div><\/div>[vc_column_text css=&#8221;.vc_custom_1666084260195{padding-right: 30px !important;padding-left: 30px !important;}&#8221; el_class=&#8221;proddes&#8221;]<\/p>\n<p style=\"text-align: center;\">opakowanie: VAC<br \/>\nwaga: ok. 1,0kg<br \/>\ntermin przydatno\u015bci: 30 dni<\/p>\n<p>[\/vc_column_text][vc_separator color=&#8221;custom&#8221; el_width=&#8221;30&#8243; accent_color=&#8221;#c00d0e&#8221; el_class=&#8221;prodsep&#8221;][\/vc_column][\/vc_row][vc_row equal_height=&#8221;yes&#8221;][vc_column width=&#8221;1\/3&#8243; css=&#8221;.vc_custom_1623401218183{padding-bottom: 80px !important;}&#8221; offset=&#8221;vc_col-lg-4 vc_col-md-4 vc_col-xs-12&#8243;]<style type=\"text\/css\" data-type=\"the7_shortcodes-inline-css\">.shortcode-single-image-wrap.shortcode-single-image-d36982ea73d02179b2e38751378e1fcb.enable-bg-rollover .rollover i,\n.shortcode-single-image-wrap.shortcode-single-image-d36982ea73d02179b2e38751378e1fcb.enable-bg-rollover .rollover-video i {\n  background: -webkit-linear-gradient();\n  background: linear-gradient();\n}\n.shortcode-single-image-wrap.shortcode-single-image-d36982ea73d02179b2e38751378e1fcb .rollover-icon {\n  font-size: 32px;\n  color: #ffffff;\n  min-width: 44px;\n  min-height: 44px;\n  line-height: 44px;\n  border-radius: 100px;\n  border-style: solid;\n  border-width: 0px;\n}\n.dt-icon-bg-on.shortcode-single-image-wrap.shortcode-single-image-d36982ea73d02179b2e38751378e1fcb .rollover-icon {\n  background: rgba(255,255,255,0.3);\n  box-shadow: none;\n}\n<\/style><div class=\"shortcode-single-image-wrap shortcode-single-image-d36982ea73d02179b2e38751378e1fcb alignnone fadeIn animate-element  vc_custom_1672924968034 disable-bg-rollover dt-icon-bg-off\" ><div class=\"shortcode-single-image prod\"><div class=\"fancy-media-wrap\" style=\"\"><a class=\"layzr-bg rollover rollover-zoom dt-pswp-item pswp-image\" href=\"https:\/\/iko-kompania.com.pl\/wp-content\/uploads\/2023\/01\/IMG_7214_edited-2.jpg\" title=\"\" data-dt-img-description=\"\" data-large_image_width=\"1981\" data-large_image_height = \"1414\"  style=\"\"><img loading=\"lazy\" decoding=\"async\" class=\"preload-me lazy-load\" src=\"data:image\/svg+xml,%3Csvg%20xmlns%3D&#39;http%3A%2F%2Fwww.w3.org%2F2000%2Fsvg&#39;%20viewBox%3D&#39;0%200%201981%201414&#39;%2F%3E\" data-src=\"https:\/\/iko-kompania.com.pl\/wp-content\/uploads\/2023\/01\/IMG_7214_edited-2.jpg\" data-srcset=\"https:\/\/iko-kompania.com.pl\/wp-content\/uploads\/2023\/01\/IMG_7214_edited-2.jpg 1981w\" width=\"1981\" height=\"1414\"  data-dt-location=\"https:\/\/iko-kompania.com.pl\/en\/img_7214_edited-2\/\" alt=\"IMG_7214_edited 2\" \/><span class=\" rollover-icon icomoon-the7-font-the7-zoom-01\"><\/span><\/a><\/div><\/div><\/div><div id=\"ultimate-heading-590769e374ea2d2b2\" class=\"uvc-heading ult-adjust-bottom-margin ultimate-heading-590769e374ea2d2b2 uvc-630 prodnazw\" data-hspacer=\"no_spacer\"  data-halign=\"center\" style=\"text-align:center\"><div class=\"uvc-heading-spacer no_spacer\" style=\"top\"><\/div><div class=\"uvc-main-heading ult-responsive\"  data-ultimate-target='.uvc-heading.ultimate-heading-590769e374ea2d2b2 h3'  data-responsive-json-new='{\"font-size\":\"desktop:24px;\",\"line-height\":\"desktop:34px;\"}' ><h3 style=\"font-weight:bold;margin-bottom:10px;\">Par\u00f3wki drobiowe<\/h3><\/div><\/div>[vc_column_text css=&#8221;.vc_custom_1666101335118{padding-right: 30px !important;padding-left: 30px !important;}&#8221; el_class=&#8221;proddes&#8221;]<\/p>\n<p style=\"text-align: center;\">opakowanie: VAC<br \/>\nwaga: ok. 0,45kg<br \/>\ntermin przydatno\u015bci: 21 dni<\/p>\n<p>[\/vc_column_text][vc_separator color=&#8221;custom&#8221; el_width=&#8221;30&#8243; accent_color=&#8221;#c00d0e&#8221; el_class=&#8221;prodsep&#8221;][\/vc_column][vc_column width=&#8221;1\/3&#8243; css=&#8221;.vc_custom_1623401227571{padding-bottom: 80px !important;}&#8221; offset=&#8221;vc_col-lg-4 vc_col-md-4 vc_col-xs-12&#8243;]<style type=\"text\/css\" data-type=\"the7_shortcodes-inline-css\">.shortcode-single-image-wrap.shortcode-single-image-3d63f5234c12d13ce206e2ca5272b331.enable-bg-rollover .rollover i,\n.shortcode-single-image-wrap.shortcode-single-image-3d63f5234c12d13ce206e2ca5272b331.enable-bg-rollover .rollover-video i {\n  background: -webkit-linear-gradient();\n  background: linear-gradient();\n}\n.shortcode-single-image-wrap.shortcode-single-image-3d63f5234c12d13ce206e2ca5272b331 .rollover-icon {\n  font-size: 32px;\n  color: #ffffff;\n  min-width: 44px;\n  min-height: 44px;\n  line-height: 44px;\n  border-radius: 100px;\n  border-style: solid;\n  border-width: 0px;\n}\n.dt-icon-bg-on.shortcode-single-image-wrap.shortcode-single-image-3d63f5234c12d13ce206e2ca5272b331 .rollover-icon {\n  background: rgba(255,255,255,0.3);\n  box-shadow: none;\n}\n<\/style><div class=\"shortcode-single-image-wrap shortcode-single-image-3d63f5234c12d13ce206e2ca5272b331 alignnone fadeIn animate-element  vc_custom_1672925230319 disable-bg-rollover dt-icon-bg-off\" ><div class=\"shortcode-single-image prod\"><div class=\"fancy-media-wrap\" style=\"\"><a class=\"layzr-bg rollover rollover-zoom dt-pswp-item pswp-image\" href=\"https:\/\/iko-kompania.com.pl\/wp-content\/uploads\/2023\/01\/Kielbasa-biala-parzona-3.jpg\" title=\"\" data-dt-img-description=\"\" data-large_image_width=\"2035\" data-large_image_height = \"1537\"  style=\"\"><img loading=\"lazy\" decoding=\"async\" class=\"preload-me lazy-load\" src=\"data:image\/svg+xml,%3Csvg%20xmlns%3D&#39;http%3A%2F%2Fwww.w3.org%2F2000%2Fsvg&#39;%20viewBox%3D&#39;0%200%202035%201537&#39;%2F%3E\" data-src=\"https:\/\/iko-kompania.com.pl\/wp-content\/uploads\/2023\/01\/Kielbasa-biala-parzona-3.jpg\" data-srcset=\"https:\/\/iko-kompania.com.pl\/wp-content\/uploads\/2023\/01\/Kielbasa-biala-parzona-3.jpg 2035w\" width=\"2035\" height=\"1537\"  data-dt-location=\"https:\/\/iko-kompania.com.pl\/en\/kielbasa-biala-parzona-3\/\" alt=\"Kie\u0142basa bia\u0142a parzona 3\" \/><span class=\" rollover-icon icomoon-the7-font-the7-zoom-01\"><\/span><\/a><\/div><\/div><\/div><div id=\"ultimate-heading-19769e374ea2dca0\" class=\"uvc-heading ult-adjust-bottom-margin ultimate-heading-19769e374ea2dca0 uvc-3817 prodnazw\" data-hspacer=\"no_spacer\"  data-halign=\"center\" style=\"text-align:center\"><div class=\"uvc-heading-spacer no_spacer\" style=\"top\"><\/div><div class=\"uvc-main-heading ult-responsive\"  data-ultimate-target='.uvc-heading.ultimate-heading-19769e374ea2dca0 h3'  data-responsive-json-new='{\"font-size\":\"desktop:24px;\",\"line-height\":\"desktop:34px;\"}' ><h3 style=\"font-weight:bold;margin-bottom:10px;\">Kie\u0142basa bia\u0142a z drobiem cienka<\/h3><\/div><\/div>[vc_column_text css=&#8221;.vc_custom_1672925216268{padding-right: 30px !important;padding-left: 30px !important;}&#8221; el_class=&#8221;proddes&#8221;]<\/p>\n<p style=\"text-align: center;\">opakowanie: VAC<br \/>\nwaga: ok. 0,5kg<br \/>\ntermin przydatno\u015bci: 14 dni<\/p>\n<p>[\/vc_column_text][vc_separator color=&#8221;custom&#8221; el_width=&#8221;30&#8243; accent_color=&#8221;#c00d0e&#8221; el_class=&#8221;prodsep&#8221;][\/vc_column][vc_column width=&#8221;1\/3&#8243;]<style type=\"text\/css\" data-type=\"the7_shortcodes-inline-css\">.shortcode-single-image-wrap.shortcode-single-image-901c52548d146f387b32eb249fe8aefc.enable-bg-rollover .rollover i,\n.shortcode-single-image-wrap.shortcode-single-image-901c52548d146f387b32eb249fe8aefc.enable-bg-rollover .rollover-video i {\n  background: -webkit-linear-gradient();\n  background: linear-gradient();\n}\n.shortcode-single-image-wrap.shortcode-single-image-901c52548d146f387b32eb249fe8aefc .rollover-icon {\n  font-size: 32px;\n  color: #ffffff;\n  min-width: 44px;\n  min-height: 44px;\n  line-height: 44px;\n  border-radius: 100px;\n  border-style: solid;\n  border-width: 0px;\n}\n.dt-icon-bg-on.shortcode-single-image-wrap.shortcode-single-image-901c52548d146f387b32eb249fe8aefc .rollover-icon {\n  background: rgba(255,255,255,0.3);\n  box-shadow: none;\n}\n<\/style><div class=\"shortcode-single-image-wrap shortcode-single-image-901c52548d146f387b32eb249fe8aefc alignnone fadeIn animate-element  vc_custom_1672925282876 disable-bg-rollover dt-icon-bg-off\" ><div class=\"shortcode-single-image prod\"><div class=\"fancy-media-wrap\" style=\"\"><a class=\"layzr-bg rollover rollover-zoom dt-pswp-item pswp-image\" href=\"https:\/\/iko-kompania.com.pl\/wp-content\/uploads\/2023\/01\/Kielbasa-slaska-cienka-.jpg\" title=\"\" data-dt-img-description=\"\" data-large_image_width=\"1736\" data-large_image_height = \"1301\"  style=\"\"><img loading=\"lazy\" decoding=\"async\" class=\"preload-me lazy-load\" src=\"data:image\/svg+xml,%3Csvg%20xmlns%3D&#39;http%3A%2F%2Fwww.w3.org%2F2000%2Fsvg&#39;%20viewBox%3D&#39;0%200%201736%201301&#39;%2F%3E\" data-src=\"https:\/\/iko-kompania.com.pl\/wp-content\/uploads\/2023\/01\/Kielbasa-slaska-cienka-.jpg\" data-srcset=\"https:\/\/iko-kompania.com.pl\/wp-content\/uploads\/2023\/01\/Kielbasa-slaska-cienka-.jpg 1736w\" width=\"1736\" height=\"1301\"  data-dt-location=\"https:\/\/iko-kompania.com.pl\/en\/kielbasa-slaska-cienka\/\" alt=\"Kie\u0142basa \u015bl\u0105ska cienka\" \/><span class=\" rollover-icon icomoon-the7-font-the7-zoom-01\"><\/span><\/a><\/div><\/div><\/div><div id=\"ultimate-heading-692269e374ea2e605\" class=\"uvc-heading ult-adjust-bottom-margin ultimate-heading-692269e374ea2e605 uvc-4388 prodnazw\" data-hspacer=\"no_spacer\"  data-halign=\"center\" style=\"text-align:center\"><div class=\"uvc-heading-spacer no_spacer\" style=\"top\"><\/div><div class=\"uvc-main-heading ult-responsive\"  data-ultimate-target='.uvc-heading.ultimate-heading-692269e374ea2e605 h3'  data-responsive-json-new='{\"font-size\":\"desktop:24px;\",\"line-height\":\"desktop:34px;\"}' ><h3 style=\"font-weight:bold;margin-bottom:10px;\">Kie\u0142basa \u015bl\u0105ska drobiowa cienka<\/h3><\/div><\/div>[vc_column_text css=&#8221;.vc_custom_1666101368692{padding-right: 30px !important;padding-left: 30px !important;}&#8221; el_class=&#8221;proddes&#8221;]<\/p>\n<p style=\"text-align: center;\">opakowanie: VAC<br \/>\nwaga: ok. 0,3kg<br \/>\ntermin przydatno\u015bci: 30 dni<\/p>\n<p>[\/vc_column_text][vc_separator color=&#8221;custom&#8221; el_width=&#8221;30&#8243; accent_color=&#8221;#c00d0e&#8221; el_class=&#8221;prodsep&#8221;][\/vc_column][\/vc_row][vc_row equal_height=&#8221;yes&#8221;][vc_column width=&#8221;1\/3&#8243; css=&#8221;.vc_custom_1623401227571{padding-bottom: 80px !important;}&#8221; offset=&#8221;vc_col-lg-4 vc_col-md-4 vc_col-xs-12&#8243;][vc_separator color=&#8221;custom&#8221; el_width=&#8221;30&#8243; accent_color=&#8221;#c00d0e&#8221; el_class=&#8221;prodsep&#8221;][\/vc_column][vc_column width=&#8221;1\/3&#8243;][\/vc_column][\/vc_row]<\/p>\n<\/section>","protected":false},"excerpt":{"rendered":"<p>[vc_row css=&#8221;.vc_custom_1666084009629{padding-top: 20px !important;padding-bottom: 50px !important;}&#8221;][vc_column][vc_column_text el_class=&#8221;prodmaintyt&#8221;] Chicken meats thin sausages and wieners [\/vc_column_text][\/vc_column][\/vc_row][vc_row equal_height=&#8221;yes&#8221;][vc_column width=&#8221;1\/3&#8243; css=&#8221;.vc_custom_1623401218183{padding-bottom: 80px !important;}&#8221; offset=&#8221;vc_col-lg-4 vc_col-md-4 vc_col-xs-12&#8243;][vc_separator color=&#8221;custom&#8221; el_width=&#8221;30&#8243; accent_color=&#8221;#c00d0e&#8221; el_class=&#8221;prodsep&#8221;][vc_column_text css=&#8221;.vc_custom_1666101358417{padding-right: 30px !important;padding-left: 30px !important;}&#8221; el_class=&#8221;proddes&#8221;] opakowanie: VAC waga: ok. 0,5kg termin przydatno\u015bci: 21 dni [\/vc_column_text][\/vc_column][vc_column width=&#8221;1\/3&#8243; css=&#8221;.vc_custom_1623401227571{padding-bottom: 80px !important;}&#8221; offset=&#8221;vc_col-lg-4 vc_col-md-4 vc_col-xs-12&#8243;][vc_column_text css=&#8221;.vc_custom_1666085149750{padding-right: 30px !important;padding-left: 30px !important;}&#8221; el_class=&#8221;proddes&#8221;]&hellip;<\/p>\n","protected":false},"author":1,"featured_media":0,"parent":0,"menu_order":18,"comment_status":"closed","ping_status":"closed","template":"","meta":{"footnotes":""},"class_list":["post-4101","page","type-page","status-publish","hentry","description-off"],"_links":{"self":[{"href":"https:\/\/iko-kompania.com.pl\/en\/wp-json\/wp\/v2\/pages\/4101","targetHints":{"allow":["GET"]}}],"collection":[{"href":"https:\/\/iko-kompania.com.pl\/en\/wp-json\/wp\/v2\/pages"}],"about":[{"href":"https:\/\/iko-kompania.com.pl\/en\/wp-json\/wp\/v2\/types\/page"}],"author":[{"embeddable":true,"href":"https:\/\/iko-kompania.com.pl\/en\/wp-json\/wp\/v2\/users\/1"}],"replies":[{"embeddable":true,"href":"https:\/\/iko-kompania.com.pl\/en\/wp-json\/wp\/v2\/comments?post=4101"}],"version-history":[{"count":1,"href":"https:\/\/iko-kompania.com.pl\/en\/wp-json\/wp\/v2\/pages\/4101\/revisions"}],"predecessor-version":[{"id":4102,"href":"https:\/\/iko-kompania.com.pl\/en\/wp-json\/wp\/v2\/pages\/4101\/revisions\/4102"}],"wp:attachment":[{"href":"https:\/\/iko-kompania.com.pl\/en\/wp-json\/wp\/v2\/media?parent=4101"}],"curies":[{"name":"wp","href":"https:\/\/api.w.org\/{rel}","templated":true}]}}